{"id":23946827,"date":"2023-07-26T12:01:54","date_gmt":"2023-07-26T10:01:54","guid":{"rendered":"https:\/\/www.agrisalus.it\/alm\/"},"modified":"2024-07-10T14:54:52","modified_gmt":"2024-07-10T12:54:52","slug":"alm","status":"publish","type":"page","link":"https:\/\/www.agrisalus.it\/de\/alm\/","title":{"rendered":"Viehweide"},"content":{"rendered":"<p>[et_pb_section fb_built=&#8220;1&#8243; custom_padding_last_edited=&#8220;on|phone&#8220; _builder_version=&#8220;4.21.0&#8243; _module_preset=&#8220;default&#8220; background_image=&#8220;https:\/\/www.agrisalus.it\/wp-content\/uploads\/2023\/07\/Malga-Arco-Agrisalus-Agricampeggio.webp&#8220; parallax=&#8220;on&#8220; custom_padding=&#8220;23em||23em||true|false&#8220; custom_padding_tablet=&#8220;15em||15em||true|false&#8220; custom_padding_phone=&#8220;12em||12em||true|false&#8220; global_colors_info=&#8220;{}&#8220;][et_pb_row _builder_version=&#8220;4.20.4&#8243; _module_preset=&#8220;default&#8220; global_colors_info=&#8220;{}&#8220;][et_pb_column type=&#8220;4_4&#8243; _builder_version=&#8220;4.20.4&#8243; _module_preset=&#8220;default&#8220; global_colors_info=&#8220;{}&#8220;][et_pb_text _builder_version=&#8220;4.26.0&#8243; _module_preset=&#8220;default&#8220; text_font=&#8220;another-shabby||||||||&#8220; text_text_color=&#8220;#FFF2E1&#8243; text_font_size=&#8220;24px&#8220; header_text_align=&#8220;center&#8220; header_text_color=&#8220;#FFF2E1&#8243; header_font_size=&#8220;58px&#8220; header_3_font=&#8220;|600||on|||||&#8220; text_orientation=&#8220;center&#8220; text_font_size_tablet=&#8220;20px&#8220; text_font_size_phone=&#8220;18px&#8220; text_font_size_last_edited=&#8220;on|phone&#8220; header_font_size_tablet=&#8220;58px&#8220; header_font_size_phone=&#8220;52px&#8220; header_font_size_last_edited=&#8220;on|phone&#8220; text_text_shadow_style=&#8220;preset2&#8243; text_text_shadow_horizontal_length=&#8220;0em&#8220; text_text_shadow_blur_strength=&#8220;1.11em&#8220; text_text_shadow_color=&#8220;#1C1C1C&#8220; header_text_shadow_style=&#8220;preset2&#8243; header_text_shadow_horizontal_length=&#8220;0em&#8220; header_text_shadow_blur_strength=&#8220;0.96em&#8220; header_text_shadow_color=&#8220;#1C1C1C&#8220; global_colors_info=&#8220;{}&#8220;]<\/p>\n<h1>Wiesen und Almen<\/h1>\n<p>[\/et_pb_text][et_pb_text _builder_version=&#8220;4.21.0&#8243; _module_preset=&#8220;default&#8220; text_text_color=&#8220;#FFFBF3&#8243; text_font_size=&#8220;1px&#8220; text_line_height=&#8220;1em&#8220; text_orientation=&#8220;center&#8220; locked=&#8220;off&#8220; global_colors_info=&#8220;{}&#8220;]<a style=\"color:#ffffff00\" href=\"https:\/\/www.facebook.com\/p\/AgriSalus-100076198607214\/\">F<\/a>[\/et_pb_text][\/et_pb_column][\/et_pb_row][\/et_pb_section][et_pb_section fb_built=&#8220;1&#8243; custom_padding_last_edited=&#8220;on|phone&#8220; _builder_version=&#8220;4.21.0&#8243; _module_preset=&#8220;default&#8220; background_color=&#8220;#FFFBF3&#8243; custom_padding=&#8220;5em||8em||false|false&#8220; custom_padding_tablet=&#8220;5em||8em||false|false&#8220; custom_padding_phone=&#8220;3em||3em||false|false&#8220; global_colors_info=&#8220;{}&#8220;][et_pb_row custom_padding_last_edited=&#8220;on|phone&#8220; _builder_version=&#8220;4.21.0&#8243; _module_preset=&#8220;default&#8220; max_width=&#8220;80%&#8220; custom_padding_tablet=&#8220;&#8220; custom_padding_phone=&#8220;0px||0px||false|false&#8220; global_colors_info=&#8220;{}&#8220;][et_pb_column type=&#8220;4_4&#8243; _builder_version=&#8220;4.21.0&#8243; _module_preset=&#8220;default&#8220; global_colors_info=&#8220;{}&#8220;][et_pb_text _builder_version=&#8220;4.26.0&#8243; _module_preset=&#8220;default&#8220; header_text_align=&#8220;center&#8220; header_2_text_align=&#8220;center&#8220; header_3_font=&#8220;|600||on|||||&#8220; custom_margin=&#8220;||14px||false|false&#8220; header_2_text_align_tablet=&#8220;center&#8220; header_2_text_align_phone=&#8220;left&#8220; header_2_text_align_last_edited=&#8220;on|phone&#8220; global_colors_info=&#8220;{}&#8220;]<\/p>\n<h2>Wiesen und Almen<\/h2>\n<p>[\/et_pb_text][et_pb_text content_tablet=&#8220;<\/p>\n<p class=%22_04xlpA direction-ltr align-justify para-style-body%22>Bei sch\u00f6nem Wetter haben unsere K\u00fche st\u00e4ndig Weidegang in der <strong>N\u00e4he des Stalls<\/strong>.<br \/>Die <strong>Weidehaltung <\/strong> hat mehrere Funktionen: Sie steigert das Wohlbefinden unserer K\u00fche indem sie die <strong>Herz-Kreislauf-<\/strong>, <strong>Muskel\u2013<\/strong> und <strong>Atemt\u00e4tigkeit <\/strong> f\u00f6rdert und ihnen mehr Vitalit\u00e4t f\u00fcr den Winter verleiht der f\u00fcr diese Tiere eine gesundheitlich sensible Zeit ist.<\/p>\n<p class=%22_04xlpA direction-ltr align-justify para-style-body%22>Um eine einheitliche Ern\u00e4hrungsqualit\u00e4t zu gew\u00e4hrleisten, f\u00fcttern wir unsere K\u00fche<br \/>nach der R\u00fcckkehr von der Alm mit <strong>biologischem Heu<\/strong>, das die Familie von Lorenzo, dem Eigent\u00fcmer von Agrisalus,<br \/>mit viel Hingabe auf ihren <strong>15 Hektar unber\u00fchrten<\/strong> Wiesen anbaut.<\/p>\n<p>&#8220; content_phone=&#8220;<\/p>\n<p class=%22_04xlpA direction-ltr align-justify para-style-body%22>Bei sch\u00f6nem Wetter haben unsere K\u00fche st\u00e4ndig Weidegang in der <strong>N\u00e4he des Stalls<\/strong>.<br \/>Die <strong>Weidehaltung <\/strong> hat mehrere Funktionen: Sie steigert das Wohlbefinden unserer K\u00fche indem sie die <strong>Herz-Kreislauf-<\/strong>, <strong>Muskel\u2013<\/strong> und <strong>Atemt\u00e4tigkeit <\/strong> f\u00f6rdert und ihnen mehr Vitalit\u00e4t f\u00fcr den Winter verleiht der f\u00fcr diese Tiere eine gesundheitlich sensible Zeit ist.<\/p>\n<p class=%22_04xlpA direction-ltr align-justify para-style-body%22>Um eine einheitliche Ern\u00e4hrungsqualit\u00e4t zu gew\u00e4hrleisten, f\u00fcttern wir unsere K\u00fche nach der R\u00fcckkehr von der Alm mit <strong>biologischem Heu<\/strong>, das die Familie von Lorenzo, dem Eigent\u00fcmer von Agrisalus, mit viel Hingabe auf ihren <strong>15 Hektar unber\u00fchrten Wiesen anbaut<\/strong>.<\/p>\n<p class=%22_04xlpA direction-ltr align-justify para-style-body%22>&#8220; content_last_edited=&#8220;on|phone&#8220; _builder_version=&#8220;4.26.0&#8243; _module_preset=&#8220;default&#8220; text_font_size=&#8220;16px&#8220; text_orientation=&#8220;center&#8220; custom_margin=&#8220;0px||20px||false|false&#8220; custom_padding_tablet=&#8220;|3em||3em|false|true&#8220; custom_padding_phone=&#8220;|0em||0em|false|true&#8220; custom_padding_last_edited=&#8220;off|desktop&#8220; hover_enabled=&#8220;0&#8243; text_font_size_tablet=&#8220;16px&#8220; text_font_size_phone=&#8220;16px&#8220; text_font_size_last_edited=&#8220;on|phone&#8220; text_orientation_tablet=&#8220;center&#8220; text_orientation_phone=&#8220;left&#8220; text_orientation_last_edited=&#8220;on|phone&#8220; global_colors_info=&#8220;{}&#8220; sticky_enabled=&#8220;0&#8243;]<\/p>\n<p class=\"_04xlpA direction-ltr align-justify para-style-body\">Bei sch\u00f6nem Wetter haben unsere K\u00fche st\u00e4ndig Weidegang in der <strong>N\u00e4he des Stalls<\/strong>.<br \/>Die <strong>Weidehaltung <\/strong> hat mehrere Funktionen: Sie steigert das Wohlbefinden unserer K\u00fche indem sie die <strong>Herz-Kreislauf-<\/strong>,<br \/><strong>Muskel\u2013<\/strong> und <strong>Atemt\u00e4tigkeit<\/strong> f\u00f6rdert und ihnen mehr Vitalit\u00e4t f\u00fcr den Winter verleiht,<br \/>der f\u00fcr diese Tiere eine gesundheitlich sensible Zeit ist.<\/p>\n<p class=\"_04xlpA direction-ltr align-justify para-style-body\">Um eine einheitliche Ern\u00e4hrungsqualit\u00e4t zu gew\u00e4hrleisten, f\u00fcttern wir unsere K\u00fche<br \/>nach der R\u00fcckkehr von der Alm mit <strong>biologischem Heu<\/strong>, das die Familie von Lorenzo, dem Eigent\u00fcmer von Agrisalus,<br \/>mit viel Hingabe auf ihren <strong>15 Hektar unber\u00fchrten<\/strong> Wiesen anbaut.<\/p>\n<p>[\/et_pb_text][\/et_pb_column][\/et_pb_row][et_pb_row disabled_on=&#8220;off|on|off&#8220; _builder_version=&#8220;4.21.0&#8243; _module_preset=&#8220;default&#8220; max_width=&#8220;80%&#8220; module_alignment=&#8220;center&#8220; global_colors_info=&#8220;{}&#8220;][et_pb_column type=&#8220;4_4&#8243; _builder_version=&#8220;4.21.0&#8243; _module_preset=&#8220;default&#8220; global_colors_info=&#8220;{}&#8220;][et_pb_gallery gallery_ids=&#8220;23945997,23945998,23945912,23945914&#8243; show_title_and_caption=&#8220;off&#8220; show_pagination=&#8220;off&#8220; zoom_icon_color=&#8220;RGBA(255,255,255,0)&#8220; hover_overlay_color=&#8220;RGBA(255,255,255,0)&#8220; _builder_version=&#8220;4.21.0&#8243; _module_preset=&#8220;default&#8220; global_colors_info=&#8220;{}&#8220;][\/et_pb_gallery][\/et_pb_column][\/et_pb_row][et_pb_row column_structure=&#8220;1_2,1_2&#8243; disabled_on=&#8220;on|off|on&#8220; module_class=&#8220;gallery-img&#8220; _builder_version=&#8220;4.21.0&#8243; _module_preset=&#8220;default&#8220; max_width=&#8220;80%&#8220; module_alignment=&#8220;center&#8220; global_colors_info=&#8220;{}&#8220;][et_pb_column type=&#8220;1_2&#8243; _builder_version=&#8220;4.21.0&#8243; _module_preset=&#8220;default&#8220; global_colors_info=&#8220;{}&#8220;][et_pb_gallery gallery_ids=&#8220;23945997,23945998&#8243; show_title_and_caption=&#8220;off&#8220; show_pagination=&#8220;off&#8220; zoom_icon_color=&#8220;RGBA(255,255,255,0)&#8220; hover_overlay_color=&#8220;RGBA(255,255,255,0)&#8220; _builder_version=&#8220;4.21.0&#8243; _module_preset=&#8220;default&#8220; global_colors_info=&#8220;{}&#8220;][\/et_pb_gallery][\/et_pb_column][et_pb_column type=&#8220;1_2&#8243; _builder_version=&#8220;4.21.0&#8243; _module_preset=&#8220;default&#8220; global_colors_info=&#8220;{}&#8220;][et_pb_gallery gallery_ids=&#8220;23945912,23945914&#8243; posts_number=&#8220;2&#8243; show_title_and_caption=&#8220;off&#8220; show_pagination=&#8220;off&#8220; zoom_icon_color=&#8220;RGBA(255,255,255,0)&#8220; hover_overlay_color=&#8220;RGBA(255,255,255,0)&#8220; _builder_version=&#8220;4.21.0&#8243; _module_preset=&#8220;default&#8220; global_colors_info=&#8220;{}&#8220;][\/et_pb_gallery][\/et_pb_column][\/et_pb_row][\/et_pb_section][et_pb_section fb_built=&#8220;1&#8243; disabled_on=&#8220;on|off|off&#8220; admin_label=&#8220;Slider hover&#8220; _builder_version=&#8220;4.21.0&#8243; _module_preset=&#8220;default&#8220; background_color=&#8220;#FFF2E1&#8243; custom_margin=&#8220;0px||0px||true|false&#8220; custom_padding=&#8220;0px||0px||true|false&#8220; global_module=&#8220;23947328&#8243; saved_tabs=&#8220;all&#8220; locked=&#8220;off&#8220; collapsed=&#8220;on&#8220; global_colors_info=&#8220;{}&#8220;][et_pb_row _builder_version=&#8220;4.21.0&#8243; _module_preset=&#8220;default&#8220; width=&#8220;100%&#8220; max_width=&#8220;100%&#8220; custom_padding=&#8220;0px||0px||false|false&#8220; global_colors_info=&#8220;{}&#8220;][et_pb_column type=&#8220;4_4&#8243; _builder_version=&#8220;4.21.0&#8243; _module_preset=&#8220;default&#8220; global_colors_info=&#8220;{}&#8220;][dipi_hover_gallery use_icon_active_style=&#8220;on&#8220; icon_image_padding=&#8220;0px|0px|0px|0px|false|true&#8220; icon_image_padding_active=&#8220;0px|0px|0px|0px|true|true&#8220; content_circle_color_active=&#8220;#9EBB87&#8243; active_item_bg_color=&#8220;#9EBB87&#8243; item_bg_color=&#8220;#5D5149&#8243; grid_gap=&#8220;15px&#8220; grid_width=&#8220;40%&#8220; columns_tablet=&#8220;1&#8243; columns_phone=&#8220;1&#8243; columns_last_edited=&#8220;on|phone&#8220; grid_width_tablet=&#8220;100%&#8220; grid_width_phone=&#8220;100%&#8220; grid_width_last_edited=&#8220;on|desktop&#8220; _builder_version=&#8220;4.26.0&#8243; _module_preset=&#8220;default&#8220; content_title_text_color=&#8220;#FFF2E1&#8243; background_enable_color=&#8220;off&#8220; custom_margin=&#8220;||||false|false&#8220; custom_padding=&#8220;||||false|false&#8220; border_radii_item=&#8220;on|110px|110px|110px|110px&#8220; locked=&#8220;off&#8220; global_colors_info=&#8220;{}&#8220;][dipi_hover_gallery_item use_item_style=&#8220;on&#8220; use_item_active_style=&#8220;on&#8220; item_bg_color=&#8220;rgba(93,81,73,0)&#8220; item_active_bg_color=&#8220;RGBA(255,255,255,0)&#8220; image=&#8220;https:\/\/www.agrisalus.it\/wp-content\/uploads\/2023\/07\/Malga-Arco-Agrisalus-Agricampeggio.webp&#8220; title=&#8220;Viehweide&#8220; use_button=&#8220;on&#8220; content_alignment=&#8220;center&#8220; content_v_alignment=&#8220;top&#8220; admin_label=&#8220;Malga&#8220; _builder_version=&#8220;4.26.0&#8243; _dynamic_attributes=&#8220;link_option_url&#8220; _module_preset=&#8220;default&#8220; min_height=&#8220;25px&#8220; custom_margin=&#8220;||||false|false&#8220; link_option_url=&#8220;@ET-DC@eyJkeW5hbWljIjp0cnVlLCJjb250ZW50IjoicG9zdF9saW5rX3VybF9wYWdlIiwic2V0dGluZ3MiOnsicG9zdF9pZCI6IjIzOTQ0ODAzIn19@&#8220; global_colors_info=&#8220;{}&#8220;][\/dipi_hover_gallery_item][dipi_hover_gallery_item use_item_style=&#8220;on&#8220; use_item_active_style=&#8220;on&#8220; item_bg_color=&#8220;rgba(93,81,73,0)&#8220; item_active_bg_color=&#8220;RGBA(255,255,255,0)&#8220; image=&#8220;https:\/\/www.agrisalus.it\/wp-content\/uploads\/2023\/09\/giornata-in-fattoria-scuole-agrisalus.webp&#8220; title=&#8220;Lehrbauernhof&#8220; content_alignment=&#8220;center&#8220; content_v_alignment=&#8220;top&#8220; admin_label=&#8220;Fattoria didattica&#8220; content_alignment_tablet=&#8220;center&#8220; content_alignment_phone=&#8220;center&#8220; content_alignment_last_edited=&#8220;on|phone&#8220; _builder_version=&#8220;4.24.3&#8243; _dynamic_attributes=&#8220;link_option_url&#8220; _module_preset=&#8220;default&#8220; min_height=&#8220;25px&#8220; custom_margin=&#8220;||||false|false&#8220; link_option_url=&#8220;@ET-DC@eyJkeW5hbWljIjp0cnVlLCJjb250ZW50IjoicG9zdF9saW5rX3VybF9wYWdlIiwic2V0dGluZ3MiOnsicG9zdF9pZCI6IjIzOTQ0Njk3In19@&#8220; global_colors_info=&#8220;{}&#8220; width__hover_enabled=&#8220;off|desktop&#8220;][\/dipi_hover_gallery_item][dipi_hover_gallery_item use_item_style=&#8220;on&#8220; use_item_active_style=&#8220;on&#8220; item_bg_color=&#8220;rgba(93,81,73,0)&#8220; item_active_bg_color=&#8220;RGBA(255,255,255,0)&#8220; image=&#8220;https:\/\/www.agrisalus.it\/wp-content\/uploads\/2023\/07\/Prodotti-shop-Agrisalus-Arco.webp&#8220; title=&#8220;Shop&#8220; use_button=&#8220;on&#8220; content_alignment=&#8220;center&#8220; content_v_alignment=&#8220;top&#8220; admin_label=&#8220;Shop&#8220; _builder_version=&#8220;4.21.0&#8243; _dynamic_attributes=&#8220;link_option_url&#8220; _module_preset=&#8220;default&#8220; min_height=&#8220;25px&#8220; custom_margin=&#8220;||||false|false&#8220; link_option_url=&#8220;@ET-DC@eyJkeW5hbWljIjp0cnVlLCJjb250ZW50IjoicG9zdF9saW5rX3VybF9wYWdlIiwic2V0dGluZ3MiOnsicG9zdF9pZCI6IjIzOTQ0ODAzIn19@&#8220; global_colors_info=&#8220;{}&#8220;][\/dipi_hover_gallery_item][\/dipi_hover_gallery][\/et_pb_column][\/et_pb_row][\/et_pb_section]<\/p>\n","protected":false},"excerpt":{"rendered":"<p>Wiesen und AlmenFWiesen und AlmenBei sch\u00f6nem Wetter haben unsere K\u00fche st\u00e4ndig Weidegang in der N\u00e4he des Stalls.Die Weidehaltung hat mehrere Funktionen: Sie steigert das Wohlbefinden unserer K\u00fche indem sie die Herz-Kreislauf-,Muskel\u2013 und Atemt\u00e4tigkeit f\u00f6rdert und ihnen mehr Vitalit\u00e4t f\u00fcr den Winter verleiht,der f\u00fcr diese Tiere eine gesundheitlich sensible Zeit ist. Um eine einheitliche Ern\u00e4hrungsqualit\u00e4t zu [&hellip;]<\/p>\n","protected":false},"author":6,"featured_media":0,"parent":0,"menu_order":0,"comment_status":"closed","ping_status":"closed","template":"","meta":{"_et_pb_use_builder":"on","_et_pb_old_content":"","_et_gb_content_width":"","inline_featured_image":false,"_joinchat":[],"footnotes":""},"dipi_cpt_category":[],"class_list":["post-23946827","page","type-page","status-publish","hentry"],"yoast_head":"<!-- This site is optimized with the Yoast SEO plugin v27.6 - https:\/\/yoast.com\/product\/yoast-seo-wordpress\/ -->\n<title>Wiesen und Almen - Agrisalus<\/title>\n<meta name=\"description\" content=\"Entdecken Sie den Zauber der Weide in Arco: Almtiere, Wohlbefinden und Bio-Heu f\u00fcr h\u00f6chste N\u00e4hrstoffqualit\u00e4t.\" \/>\n<meta name=\"robots\" content=\"index, follow, max-snippet:-1, max-image-preview:large, max-video-preview:-1\" \/>\n<link rel=\"canonical\" href=\"https:\/\/www.agrisalus.it\/de\/alm\/\" \/>\n<meta property=\"og:locale\" content=\"de_DE\" \/>\n<meta property=\"og:type\" content=\"article\" \/>\n<meta property=\"og:title\" content=\"Wiesen und Almen - Agrisalus\" \/>\n<meta property=\"og:description\" content=\"Entdecken Sie den Zauber der Weide in Arco: Almtiere, Wohlbefinden und Bio-Heu f\u00fcr h\u00f6chste N\u00e4hrstoffqualit\u00e4t.\" \/>\n<meta property=\"og:url\" content=\"https:\/\/www.agrisalus.it\/de\/alm\/\" \/>\n<meta property=\"og:site_name\" content=\"Agrisalus - Agricampeggio Arco\" \/>\n<meta property=\"article:modified_time\" content=\"2024-07-10T12:54:52+00:00\" \/>\n<meta property=\"og:image\" content=\"https:\/\/www.agrisalus.it\/wp-content\/uploads\/2023\/07\/Logo-Agrisalus.png\" \/>\n\t<meta property=\"og:image:width\" content=\"1920\" \/>\n\t<meta property=\"og:image:height\" content=\"1920\" \/>\n\t<meta property=\"og:image:type\" content=\"image\/png\" \/>\n<meta name=\"twitter:card\" content=\"summary_large_image\" \/>\n<meta name=\"twitter:label1\" content=\"Gesch\u00e4tzte Lesezeit\" \/>\n\t<meta name=\"twitter:data1\" content=\"2\u00a0Minuten\" \/>\n<script type=\"application\/ld+json\" class=\"yoast-schema-graph\">{\"@context\":\"https:\\\/\\\/schema.org\",\"@graph\":[{\"@type\":\"WebPage\",\"@id\":\"https:\\\/\\\/www.agrisalus.it\\\/de\\\/alm\\\/\",\"url\":\"https:\\\/\\\/www.agrisalus.it\\\/de\\\/alm\\\/\",\"name\":\"Wiesen und Almen - Agrisalus\",\"isPartOf\":{\"@id\":\"https:\\\/\\\/www.agrisalus.it\\\/de\\\/#website\"},\"datePublished\":\"2023-07-26T10:01:54+00:00\",\"dateModified\":\"2024-07-10T12:54:52+00:00\",\"description\":\"Entdecken Sie den Zauber der Weide in Arco: Almtiere, Wohlbefinden und Bio-Heu f\u00fcr h\u00f6chste N\u00e4hrstoffqualit\u00e4t.\",\"breadcrumb\":{\"@id\":\"https:\\\/\\\/www.agrisalus.it\\\/de\\\/alm\\\/#breadcrumb\"},\"inLanguage\":\"de\",\"potentialAction\":[{\"@type\":\"ReadAction\",\"target\":[\"https:\\\/\\\/www.agrisalus.it\\\/de\\\/alm\\\/\"]}]},{\"@type\":\"BreadcrumbList\",\"@id\":\"https:\\\/\\\/www.agrisalus.it\\\/de\\\/alm\\\/#breadcrumb\",\"itemListElement\":[{\"@type\":\"ListItem\",\"position\":1,\"name\":\"Home\",\"item\":\"https:\\\/\\\/www.agrisalus.it\\\/de\\\/home\\\/\"},{\"@type\":\"ListItem\",\"position\":2,\"name\":\"Viehweide\"}]},{\"@type\":\"WebSite\",\"@id\":\"https:\\\/\\\/www.agrisalus.it\\\/de\\\/#website\",\"url\":\"https:\\\/\\\/www.agrisalus.it\\\/de\\\/\",\"name\":\"Agrisalus - Agricampeggio Arco\",\"description\":\"Agricampeggio - Arco Trentino\",\"potentialAction\":[{\"@type\":\"SearchAction\",\"target\":{\"@type\":\"EntryPoint\",\"urlTemplate\":\"https:\\\/\\\/www.agrisalus.it\\\/de\\\/?s={search_term_string}\"},\"query-input\":{\"@type\":\"PropertyValueSpecification\",\"valueRequired\":true,\"valueName\":\"search_term_string\"}}],\"inLanguage\":\"de\"}]}<\/script>\n<!-- \/ Yoast SEO plugin. -->","yoast_head_json":{"title":"Wiesen und Almen - Agrisalus","description":"Entdecken Sie den Zauber der Weide in Arco: Almtiere, Wohlbefinden und Bio-Heu f\u00fcr h\u00f6chste N\u00e4hrstoffqualit\u00e4t.","robots":{"index":"index","follow":"follow","max-snippet":"max-snippet:-1","max-image-preview":"max-image-preview:large","max-video-preview":"max-video-preview:-1"},"canonical":"https:\/\/www.agrisalus.it\/de\/alm\/","og_locale":"de_DE","og_type":"article","og_title":"Wiesen und Almen - Agrisalus","og_description":"Entdecken Sie den Zauber der Weide in Arco: Almtiere, Wohlbefinden und Bio-Heu f\u00fcr h\u00f6chste N\u00e4hrstoffqualit\u00e4t.","og_url":"https:\/\/www.agrisalus.it\/de\/alm\/","og_site_name":"Agrisalus - Agricampeggio Arco","article_modified_time":"2024-07-10T12:54:52+00:00","og_image":[{"width":1920,"height":1920,"url":"https:\/\/www.agrisalus.it\/wp-content\/uploads\/2023\/07\/Logo-Agrisalus.png","type":"image\/png"}],"twitter_card":"summary_large_image","twitter_misc":{"Gesch\u00e4tzte Lesezeit":"2\u00a0Minuten"},"schema":{"@context":"https:\/\/schema.org","@graph":[{"@type":"WebPage","@id":"https:\/\/www.agrisalus.it\/de\/alm\/","url":"https:\/\/www.agrisalus.it\/de\/alm\/","name":"Wiesen und Almen - Agrisalus","isPartOf":{"@id":"https:\/\/www.agrisalus.it\/de\/#website"},"datePublished":"2023-07-26T10:01:54+00:00","dateModified":"2024-07-10T12:54:52+00:00","description":"Entdecken Sie den Zauber der Weide in Arco: Almtiere, Wohlbefinden und Bio-Heu f\u00fcr h\u00f6chste N\u00e4hrstoffqualit\u00e4t.","breadcrumb":{"@id":"https:\/\/www.agrisalus.it\/de\/alm\/#breadcrumb"},"inLanguage":"de","potentialAction":[{"@type":"ReadAction","target":["https:\/\/www.agrisalus.it\/de\/alm\/"]}]},{"@type":"BreadcrumbList","@id":"https:\/\/www.agrisalus.it\/de\/alm\/#breadcrumb","itemListElement":[{"@type":"ListItem","position":1,"name":"Home","item":"https:\/\/www.agrisalus.it\/de\/home\/"},{"@type":"ListItem","position":2,"name":"Viehweide"}]},{"@type":"WebSite","@id":"https:\/\/www.agrisalus.it\/de\/#website","url":"https:\/\/www.agrisalus.it\/de\/","name":"Agrisalus - Agricampeggio Arco","description":"Agricampeggio - Arco Trentino","potentialAction":[{"@type":"SearchAction","target":{"@type":"EntryPoint","urlTemplate":"https:\/\/www.agrisalus.it\/de\/?s={search_term_string}"},"query-input":{"@type":"PropertyValueSpecification","valueRequired":true,"valueName":"search_term_string"}}],"inLanguage":"de"}]}},"_links":{"self":[{"href":"https:\/\/www.agrisalus.it\/de\/wp-json\/wp\/v2\/pages\/23946827","targetHints":{"allow":["GET"]}}],"collection":[{"href":"https:\/\/www.agrisalus.it\/de\/wp-json\/wp\/v2\/pages"}],"about":[{"href":"https:\/\/www.agrisalus.it\/de\/wp-json\/wp\/v2\/types\/page"}],"author":[{"embeddable":true,"href":"https:\/\/www.agrisalus.it\/de\/wp-json\/wp\/v2\/users\/6"}],"replies":[{"embeddable":true,"href":"https:\/\/www.agrisalus.it\/de\/wp-json\/wp\/v2\/comments?post=23946827"}],"version-history":[{"count":17,"href":"https:\/\/www.agrisalus.it\/de\/wp-json\/wp\/v2\/pages\/23946827\/revisions"}],"predecessor-version":[{"id":23947643,"href":"https:\/\/www.agrisalus.it\/de\/wp-json\/wp\/v2\/pages\/23946827\/revisions\/23947643"}],"wp:attachment":[{"href":"https:\/\/www.agrisalus.it\/de\/wp-json\/wp\/v2\/media?parent=23946827"}],"wp:term":[{"taxonomy":"dipi_cpt_category","embeddable":true,"href":"https:\/\/www.agrisalus.it\/de\/wp-json\/wp\/v2\/dipi_cpt_category?post=23946827"}],"curies":[{"name":"wp","href":"https:\/\/api.w.org\/{rel}","templated":true}]}}