{"id":23946853,"date":"2023-07-26T14:47:45","date_gmt":"2023-07-26T12:47:45","guid":{"rendered":"https:\/\/www.agrisalus.it\/umweltpolitik\/"},"modified":"2023-08-22T11:03:54","modified_gmt":"2023-08-22T09:03:54","slug":"umweltpolitik","status":"publish","type":"page","link":"https:\/\/www.agrisalus.it\/de\/umweltpolitik\/","title":{"rendered":"Umweltpolitik"},"content":{"rendered":"<p>[et_pb_section fb_built=&#8220;1&#8243; custom_padding_last_edited=&#8220;on|desktop&#8220; _builder_version=&#8220;4.21.0&#8243; _module_preset=&#8220;default&#8220; background_enable_image=&#8220;off&#8220; custom_padding=&#8220;6em||6em||true|false&#8220; custom_padding_tablet=&#8220;4em||4em||true|false&#8220; custom_padding_phone=&#8220;4em||4em||true|false&#8220; locked=&#8220;off&#8220; global_colors_info=&#8220;{}&#8220;][et_pb_row _builder_version=&#8220;4.21.0&#8243; _module_preset=&#8220;default&#8220; custom_padding=&#8220;0px||||false|false&#8220; global_colors_info=&#8220;{}&#8220;][et_pb_column type=&#8220;4_4&#8243; _builder_version=&#8220;4.20.4&#8243; _module_preset=&#8220;default&#8220; global_colors_info=&#8220;{}&#8220;][et_pb_text _builder_version=&#8220;4.21.0&#8243; _module_preset=&#8220;default&#8220; header_text_align=&#8220;center&#8220; header_3_font=&#8220;|600||on|||||&#8220; custom_margin=&#8220;0px||10px||false|false&#8220; locked=&#8220;off&#8220; global_colors_info=&#8220;{}&#8220;]<\/p>\n<h2 style=\"text-align: left;\">Unsere Umweltpolitik<\/h2>\n<p>[\/et_pb_text][et_pb_text _builder_version=&#8220;4.21.0&#8243; _module_preset=&#8220;default&#8220; text_font=&#8220;Nunito||||||||&#8220; text_text_color=&#8220;#1C1C1C&#8220; text_font_size=&#8220;18px&#8220; header_text_align=&#8220;center&#8220; header_font_size=&#8220;46px&#8220; header_3_font=&#8220;|600||on|||||&#8220; text_font_size_tablet=&#8220;20px&#8220; text_font_size_phone=&#8220;18px&#8220; text_font_size_last_edited=&#8220;on|phone&#8220; global_colors_info=&#8220;{}&#8220;]<\/p>\n<p>Die Erhaltung und der Schutz unseres Territoriums liegen Agrisalus sehr am Herzen. Deshalb versuchen wir, mit konkreten Entscheidungen und Ma\u00dfnahmen die Auswirkungen auf die Umwelt zu minimieren.<\/p>\n<p>Hier sind einige unserer Umweltinitiativen:<\/p>\n<ul>\n<li>Wir haben unser fast 18.000 Quadratmeter gro\u00dfes Gel\u00e4nde, das 20 Jahre lang brach lag, revitalisiert und so eine gesunde und lebensf\u00e4hige Umgebung f\u00fcr unsere Tiere geschaffen. Nach der Beseitigung gro\u00dfer Mengen von Material und einem Jahr Arbeit konnten wir die H\u00fchnerfarm er\u00f6ffnen, die uns nun bei der Pflege des Gel\u00e4ndes hilft. Dank der Rotation auf den Weidefl\u00e4chen tragen die H\u00fchner zur Erhaltung der Vitalit\u00e4t des Bodens bei, ebenso wie die K\u00fche und andere Tiere, die uns im t\u00e4glichen Leben auf der Agrisalus begleiten.  <\/li>\n<li>Ein wichtiger Aspekt ist, dass wir alle Felsbrocken und Naturfunde auf unterschiedliche Weise wiederverwendet haben. Sie wurden zur Anlage von Blumenbeeten oder zur Schaffung von Felsw\u00e4nden verwendet und haben gleichzeitig eine \u00e4sthetische Funktion. Auf diese Weise haben wir ein nachhaltiges Verfahren angewandt und den nat\u00fcrlichen Materialien ein zweites Leben geschenkt, was die Umweltbelastung verringert und die Harmonie mit der Umgebung f\u00f6rdert  <\/li>\n<li>Agrisalus hat auch eine bewusste Entscheidung f\u00fcr den Bodenbelag im Eingangsbereich und auf dem Agri-Campingplatz getroffen. Der Bodenbelag besteht aus 100 % recyceltem und wiederverwertbarem PVC. Dieses Material wird vollst\u00e4ndig trocken verlegt, so dass keine Klebstoffe und kein Zement mehr ben\u00f6tigt werden.  <\/li>\n<li>Dank der 40-kW-Photovoltaikanlage, die in der Lage ist, Strom zu erzeugen, und der solarthermischen Anlage mit 8 Solarzellen sind wir in der Lage, v\u00f6llig energieunabh\u00e4ngig zu sein und einen nachhaltigen Umgang mit der Umwelt zu pflegen. Dar\u00fcber hinaus verf\u00fcgen wir \u00fcber ein Energiespeichersystem, das bis zu 60 kWh der erzeugten Energie speichern kann. Erg\u00e4nzend zu unserem System verf\u00fcgen wir \u00fcber einen Biomassekessel, der es uns erm\u00f6glicht, erneuerbare Energiequellen zum Heizen zu nutzen. Diese L\u00f6sungen erm\u00f6glichen es uns, die Umweltauswirkungen zu minimieren und ein verantwortungsvolles Energiemanagement zu f\u00f6rdern. Die Photovoltaikanlage erm\u00f6glicht es uns auch, bei der Milchproduktion eigenst\u00e4ndig zu sein.    <\/li>\n<li>F\u00fcr alle unsere Produkte bevorzugen wir haupts\u00e4chlich Papier-\/Bio-\/Kompostierverpackungen.<\/li>\n<li>Das Vorhandensein einer Alm bei Agrisalus spielt im Rahmen unserer Aktivit\u00e4ten eine wichtige Rolle. Sie ist von gro\u00dfer Bedeutung, da einige unserer Tiere eine entscheidende Rolle bei der Erhaltung der Bergweiden und bei der Bek\u00e4mpfung der Wiederaufforstung spielen. <\/li>\n<li>Die Milch ist \u201eumweltfreundlich\u201c, weil die F\u00fctterung mit Futter von Bergweiden die Erhaltung und st\u00e4ndige Reinigung der schwierigsten Randgebiete erm\u00f6glicht und wir auf diese Weise die Speicherung von CO2 im Boden beg\u00fcnstigen, was sich positiv auf das Kohlenstoffdelta auswirkt.<\/li>\n<li>Die Schweine spielen in unserem Produktionsprozess eine Schl\u00fcsselrolle, da sie es uns erm\u00f6glichen, die Nebenprodukte der Milchverarbeitung, wie z. B. die Molke, die sonst als Sonderm\u00fcll gelten w\u00fcrde, nachhaltig zu verwerten. Dank der Schweine sind wir in der Lage, die Molke intern zu verwerten und sie in wertvolle N\u00e4hrstoffe umzuwandeln, ohne die Umwelt zu belasten. Auf diese Weise schlie\u00dfen wir einen positiven Kreislauf innerhalb unserer Produktionskette.  <\/li>\n<\/ul>\n<p>[\/et_pb_text][\/et_pb_column][\/et_pb_row][\/et_pb_section]<\/p>\n","protected":false},"excerpt":{"rendered":"<p>Unsere UmweltpolitikDie Erhaltung und der Schutz unseres Territoriums liegen Agrisalus sehr am Herzen. Deshalb versuchen wir, mit konkreten Entscheidungen und Ma\u00dfnahmen die Auswirkungen auf die Umwelt zu minimieren. Hier sind einige unserer Umweltinitiativen: Wir haben unser fast 18.000 Quadratmeter gro\u00dfes Gel\u00e4nde, das 20 Jahre lang brach lag, revitalisiert und so eine gesunde und lebensf\u00e4hige Umgebung [&hellip;]<\/p>\n","protected":false},"author":6,"featured_media":0,"parent":0,"menu_order":0,"comment_status":"closed","ping_status":"closed","template":"","meta":{"_et_pb_use_builder":"on","_et_pb_old_content":"","_et_gb_content_width":"","inline_featured_image":false,"_joinchat":[],"footnotes":""},"dipi_cpt_category":[],"class_list":["post-23946853","page","type-page","status-publish","hentry"],"yoast_head":"<!-- This site is optimized with the Yoast SEO plugin v27.6 - https:\/\/yoast.com\/product\/yoast-seo-wordpress\/ -->\n<title>Umweltpolitik - Agrisalus - Agricampeggio Arco<\/title>\n<meta name=\"robots\" content=\"index, follow, max-snippet:-1, max-image-preview:large, max-video-preview:-1\" \/>\n<link rel=\"canonical\" href=\"https:\/\/www.agrisalus.it\/de\/umweltpolitik\/\" \/>\n<meta property=\"og:locale\" content=\"de_DE\" \/>\n<meta property=\"og:type\" content=\"article\" \/>\n<meta property=\"og:title\" content=\"Umweltpolitik - Agrisalus - Agricampeggio Arco\" \/>\n<meta property=\"og:description\" content=\"Unsere UmweltpolitikDie Erhaltung und der Schutz unseres Territoriums liegen Agrisalus sehr am Herzen. Deshalb versuchen wir, mit konkreten Entscheidungen und Ma\u00dfnahmen die Auswirkungen auf die Umwelt zu minimieren. Hier sind einige unserer Umweltinitiativen: Wir haben unser fast 18.000 Quadratmeter gro\u00dfes Gel\u00e4nde, das 20 Jahre lang brach lag, revitalisiert und so eine gesunde und lebensf\u00e4hige Umgebung [&hellip;]\" \/>\n<meta property=\"og:url\" content=\"https:\/\/www.agrisalus.it\/de\/umweltpolitik\/\" \/>\n<meta property=\"og:site_name\" content=\"Agrisalus - Agricampeggio Arco\" \/>\n<meta property=\"article:modified_time\" content=\"2023-08-22T09:03:54+00:00\" \/>\n<meta property=\"og:image\" content=\"https:\/\/www.agrisalus.it\/wp-content\/uploads\/2023\/07\/Logo-Agrisalus.png\" \/>\n\t<meta property=\"og:image:width\" content=\"1920\" \/>\n\t<meta property=\"og:image:height\" content=\"1920\" \/>\n\t<meta property=\"og:image:type\" content=\"image\/png\" \/>\n<meta name=\"twitter:card\" content=\"summary_large_image\" \/>\n<meta name=\"twitter:label1\" content=\"Gesch\u00e4tzte Lesezeit\" \/>\n\t<meta name=\"twitter:data1\" content=\"3\u00a0Minuten\" \/>\n<script type=\"application\/ld+json\" class=\"yoast-schema-graph\">{\"@context\":\"https:\\\/\\\/schema.org\",\"@graph\":[{\"@type\":\"WebPage\",\"@id\":\"https:\\\/\\\/www.agrisalus.it\\\/de\\\/umweltpolitik\\\/\",\"url\":\"https:\\\/\\\/www.agrisalus.it\\\/de\\\/umweltpolitik\\\/\",\"name\":\"Umweltpolitik - Agrisalus - Agricampeggio Arco\",\"isPartOf\":{\"@id\":\"https:\\\/\\\/www.agrisalus.it\\\/de\\\/#website\"},\"datePublished\":\"2023-07-26T12:47:45+00:00\",\"dateModified\":\"2023-08-22T09:03:54+00:00\",\"breadcrumb\":{\"@id\":\"https:\\\/\\\/www.agrisalus.it\\\/de\\\/umweltpolitik\\\/#breadcrumb\"},\"inLanguage\":\"de\",\"potentialAction\":[{\"@type\":\"ReadAction\",\"target\":[\"https:\\\/\\\/www.agrisalus.it\\\/de\\\/umweltpolitik\\\/\"]}]},{\"@type\":\"BreadcrumbList\",\"@id\":\"https:\\\/\\\/www.agrisalus.it\\\/de\\\/umweltpolitik\\\/#breadcrumb\",\"itemListElement\":[{\"@type\":\"ListItem\",\"position\":1,\"name\":\"Home\",\"item\":\"https:\\\/\\\/www.agrisalus.it\\\/de\\\/home\\\/\"},{\"@type\":\"ListItem\",\"position\":2,\"name\":\"Umweltpolitik\"}]},{\"@type\":\"WebSite\",\"@id\":\"https:\\\/\\\/www.agrisalus.it\\\/de\\\/#website\",\"url\":\"https:\\\/\\\/www.agrisalus.it\\\/de\\\/\",\"name\":\"Agrisalus - Agricampeggio Arco\",\"description\":\"Agricampeggio - Arco Trentino\",\"potentialAction\":[{\"@type\":\"SearchAction\",\"target\":{\"@type\":\"EntryPoint\",\"urlTemplate\":\"https:\\\/\\\/www.agrisalus.it\\\/de\\\/?s={search_term_string}\"},\"query-input\":{\"@type\":\"PropertyValueSpecification\",\"valueRequired\":true,\"valueName\":\"search_term_string\"}}],\"inLanguage\":\"de\"}]}<\/script>\n<!-- \/ Yoast SEO plugin. -->","yoast_head_json":{"title":"Umweltpolitik - Agrisalus - Agricampeggio Arco","robots":{"index":"index","follow":"follow","max-snippet":"max-snippet:-1","max-image-preview":"max-image-preview:large","max-video-preview":"max-video-preview:-1"},"canonical":"https:\/\/www.agrisalus.it\/de\/umweltpolitik\/","og_locale":"de_DE","og_type":"article","og_title":"Umweltpolitik - Agrisalus - Agricampeggio Arco","og_description":"Unsere UmweltpolitikDie Erhaltung und der Schutz unseres Territoriums liegen Agrisalus sehr am Herzen. Deshalb versuchen wir, mit konkreten Entscheidungen und Ma\u00dfnahmen die Auswirkungen auf die Umwelt zu minimieren. Hier sind einige unserer Umweltinitiativen: Wir haben unser fast 18.000 Quadratmeter gro\u00dfes Gel\u00e4nde, das 20 Jahre lang brach lag, revitalisiert und so eine gesunde und lebensf\u00e4hige Umgebung [&hellip;]","og_url":"https:\/\/www.agrisalus.it\/de\/umweltpolitik\/","og_site_name":"Agrisalus - Agricampeggio Arco","article_modified_time":"2023-08-22T09:03:54+00:00","og_image":[{"width":1920,"height":1920,"url":"https:\/\/www.agrisalus.it\/wp-content\/uploads\/2023\/07\/Logo-Agrisalus.png","type":"image\/png"}],"twitter_card":"summary_large_image","twitter_misc":{"Gesch\u00e4tzte Lesezeit":"3\u00a0Minuten"},"schema":{"@context":"https:\/\/schema.org","@graph":[{"@type":"WebPage","@id":"https:\/\/www.agrisalus.it\/de\/umweltpolitik\/","url":"https:\/\/www.agrisalus.it\/de\/umweltpolitik\/","name":"Umweltpolitik - Agrisalus - Agricampeggio Arco","isPartOf":{"@id":"https:\/\/www.agrisalus.it\/de\/#website"},"datePublished":"2023-07-26T12:47:45+00:00","dateModified":"2023-08-22T09:03:54+00:00","breadcrumb":{"@id":"https:\/\/www.agrisalus.it\/de\/umweltpolitik\/#breadcrumb"},"inLanguage":"de","potentialAction":[{"@type":"ReadAction","target":["https:\/\/www.agrisalus.it\/de\/umweltpolitik\/"]}]},{"@type":"BreadcrumbList","@id":"https:\/\/www.agrisalus.it\/de\/umweltpolitik\/#breadcrumb","itemListElement":[{"@type":"ListItem","position":1,"name":"Home","item":"https:\/\/www.agrisalus.it\/de\/home\/"},{"@type":"ListItem","position":2,"name":"Umweltpolitik"}]},{"@type":"WebSite","@id":"https:\/\/www.agrisalus.it\/de\/#website","url":"https:\/\/www.agrisalus.it\/de\/","name":"Agrisalus - Agricampeggio Arco","description":"Agricampeggio - Arco Trentino","potentialAction":[{"@type":"SearchAction","target":{"@type":"EntryPoint","urlTemplate":"https:\/\/www.agrisalus.it\/de\/?s={search_term_string}"},"query-input":{"@type":"PropertyValueSpecification","valueRequired":true,"valueName":"search_term_string"}}],"inLanguage":"de"}]}},"_links":{"self":[{"href":"https:\/\/www.agrisalus.it\/de\/wp-json\/wp\/v2\/pages\/23946853","targetHints":{"allow":["GET"]}}],"collection":[{"href":"https:\/\/www.agrisalus.it\/de\/wp-json\/wp\/v2\/pages"}],"about":[{"href":"https:\/\/www.agrisalus.it\/de\/wp-json\/wp\/v2\/types\/page"}],"author":[{"embeddable":true,"href":"https:\/\/www.agrisalus.it\/de\/wp-json\/wp\/v2\/users\/6"}],"replies":[{"embeddable":true,"href":"https:\/\/www.agrisalus.it\/de\/wp-json\/wp\/v2\/comments?post=23946853"}],"version-history":[{"count":2,"href":"https:\/\/www.agrisalus.it\/de\/wp-json\/wp\/v2\/pages\/23946853\/revisions"}],"predecessor-version":[{"id":23946855,"href":"https:\/\/www.agrisalus.it\/de\/wp-json\/wp\/v2\/pages\/23946853\/revisions\/23946855"}],"wp:attachment":[{"href":"https:\/\/www.agrisalus.it\/de\/wp-json\/wp\/v2\/media?parent=23946853"}],"wp:term":[{"taxonomy":"dipi_cpt_category","embeddable":true,"href":"https:\/\/www.agrisalus.it\/de\/wp-json\/wp\/v2\/dipi_cpt_category?post=23946853"}],"curies":[{"name":"wp","href":"https:\/\/api.w.org\/{rel}","templated":true}]}}