{"id":23947812,"date":"2025-04-01T10:43:25","date_gmt":"2025-04-01T08:43:25","guid":{"rendered":"https:\/\/www.agrisalus.it\/vielen-dank-fuer-deine-kontaktaufnahme\/"},"modified":"2025-04-18T11:45:11","modified_gmt":"2025-04-18T09:45:11","slug":"vielen-dank-fuer-deine-kontaktaufnahme","status":"publish","type":"page","link":"https:\/\/www.agrisalus.it\/de\/vielen-dank-fuer-deine-kontaktaufnahme\/","title":{"rendered":"Vielen Dank f\u00fcr deine Kontaktaufnahme."},"content":{"rendered":"<p>[et_pb_section fb_built=&#8220;1&#8243; _builder_version=&#8220;4.21.0&#8243; _module_preset=&#8220;default&#8220; global_colors_info=&#8220;{}&#8220;][et_pb_row _builder_version=&#8220;4.21.0&#8243; _module_preset=&#8220;default&#8220; global_colors_info=&#8220;{}&#8220;][et_pb_column type=&#8220;4_4&#8243; _builder_version=&#8220;4.21.0&#8243; _module_preset=&#8220;default&#8220; global_colors_info=&#8220;{}&#8220;][et_pb_divider show_divider=&#8220;off&#8220; _builder_version=&#8220;4.21.0&#8243; _module_preset=&#8220;default&#8220; custom_padding=&#8220;4em||4em||true|false&#8220; global_colors_info=&#8220;{}&#8220;][\/et_pb_divider][et_pb_text content_tablet=&#8220;<\/p>\n<h1>Danke!<\/h1>\n<p>Ihre Nachricht wurde gesendet, wir werden so schnell wie m\u00f6glich antworten. Behalten Sie Ihre E-Mails im Auge, die Antwort k\u00f6nnte im Spam landen!<\/p>\n<p>&#8220; content_phone=&#8220;<\/p>\n<h1>Danke!<\/h1>\n<p>Ihre Nachricht wurde gesendet, wir werden so schnell wie m\u00f6glich antworten. Behalten Sie Ihre E-Mails im Auge, die Antwort k\u00f6nnte im Spam landen!<\/p>\n<p>&#8220; content_last_edited=&#8220;off|tablet&#8220; _builder_version=&#8220;4.27.4&#8243; _module_preset=&#8220;default&#8220; text_font_size=&#8220;18px&#8220; text_line_height=&#8220;1.8em&#8220; header_font_size=&#8220;65px&#8220; header_line_height=&#8220;1.5em&#8220; text_orientation=&#8220;center&#8220; custom_padding_tablet=&#8220;0px|3em|0px|3em|false|true&#8220; custom_padding_phone=&#8220;|0em||0em|false|true&#8220; custom_padding_last_edited=&#8220;on|phone&#8220; hover_enabled=&#8220;0&#8243; global_colors_info=&#8220;{}&#8220; width=&#8220;70%&#8220; module_alignment=&#8220;center&#8220; width_last_edited=&#8220;on|phone&#8220; sticky_enabled=&#8220;0&#8243; width_tablet=&#8220;100%&#8220; text_orientation_last_edited=&#8220;on|phone&#8220; text_orientation_phone=&#8220;left&#8220; width_phone=&#8220;100%&#8220; text_orientation_tablet=&#8220;center&#8220;]<\/p>\n<h1>Vielen Dank f\u00fcr deine Kontaktaufnahme.<\/h1>\n<p>Deine Nachricht wurde erfolgreich versendet \u2013 wir melden uns so bald wie m\u00f6glich bei dir.<br \/>Bitte \u00fcberpr\u00fcfe auch deinen Spam-Ordner, unsere Antwort k\u00f6nnte dort landen!<\/p>\n<div dir=\"ltr\">Du erh\u00e4ltst in K\u00fcrze eine E-Mail mit dem Zahlungslink.<\/div>\n<div dir=\"ltr\">Sobald die Zahlung abgeschlossen ist, schicken wir dir ein PDF mit dem personalisierten<br \/>Geschenkgutschein.<br \/>Alternativ freuen wir uns, dich bei Agrisalus zur Abholung der gedruckten Geschenkkarte begr\u00fc\u00dfen zu<br \/>d\u00fcrfen.<\/div>\n<p>[\/et_pb_text][et_pb_button button_url=&#8220;@ET-DC@eyJkeW5hbWljIjp0cnVlLCJjb250ZW50IjoiaG9tZV91cmwiLCJzZXR0aW5ncyI6eyJlbmFibGVfaHRtbCI6Im9mZiJ9fQ==@&#8220; button_text=&#8220;ZUR\u00dcCK ZUR HOME&#8220; button_alignment=&#8220;center&#8220; _builder_version=&#8220;4.21.0&#8243; _dynamic_attributes=&#8220;button_url&#8220; _module_preset=&#8220;default&#8220; global_colors_info=&#8220;{}&#8220;][\/et_pb_button][et_pb_divider show_divider=&#8220;off&#8220; _builder_version=&#8220;4.21.0&#8243; _module_preset=&#8220;default&#8220; custom_padding=&#8220;4em||4em||true|false&#8220; global_colors_info=&#8220;{}&#8220;][\/et_pb_divider][\/et_pb_column][\/et_pb_row][\/et_pb_section]<\/p>\n","protected":false},"excerpt":{"rendered":"<p>Vielen Dank f\u00fcr deine Kontaktaufnahme. Deine Nachricht wurde erfolgreich versendet \u2013 wir melden uns so bald wie m\u00f6glich bei dir.Bitte \u00fcberpr\u00fcfe auch deinen Spam-Ordner, unsere Antwort k\u00f6nnte dort landen! Du erh\u00e4ltst in K\u00fcrze eine E-Mail mit dem Zahlungslink. Sobald die Zahlung abgeschlossen ist, schicken wir dir ein PDF mit dem personalisiertenGeschenkgutschein.Alternativ freuen wir uns, dich [&hellip;]<\/p>\n","protected":false},"author":6,"featured_media":0,"parent":0,"menu_order":0,"comment_status":"closed","ping_status":"closed","template":"","meta":{"_et_pb_use_builder":"on","_et_pb_old_content":"","_et_gb_content_width":"","inline_featured_image":false,"_joinchat":[],"footnotes":""},"dipi_cpt_category":[],"class_list":["post-23947812","page","type-page","status-publish","hentry"],"yoast_head":"<!-- This site is optimized with the Yoast SEO plugin v27.4 - https:\/\/yoast.com\/product\/yoast-seo-wordpress\/ -->\n<title>Vielen Dank f\u00fcr deine Kontaktaufnahme. - Agrisalus - Agricampeggio Arco<\/title>\n<meta name=\"robots\" content=\"index, follow, max-snippet:-1, max-image-preview:large, max-video-preview:-1\" \/>\n<link rel=\"canonical\" href=\"https:\/\/www.agrisalus.it\/de\/vielen-dank-fuer-deine-kontaktaufnahme\/\" \/>\n<meta property=\"og:locale\" content=\"de_DE\" \/>\n<meta property=\"og:type\" content=\"article\" \/>\n<meta property=\"og:title\" content=\"Vielen Dank f\u00fcr deine Kontaktaufnahme. - Agrisalus - Agricampeggio Arco\" \/>\n<meta property=\"og:description\" content=\"Vielen Dank f\u00fcr deine Kontaktaufnahme. Deine Nachricht wurde erfolgreich versendet \u2013 wir melden uns so bald wie m\u00f6glich bei dir.Bitte \u00fcberpr\u00fcfe auch deinen Spam-Ordner, unsere Antwort k\u00f6nnte dort landen! Du erh\u00e4ltst in K\u00fcrze eine E-Mail mit dem Zahlungslink. Sobald die Zahlung abgeschlossen ist, schicken wir dir ein PDF mit dem personalisiertenGeschenkgutschein.Alternativ freuen wir uns, dich [&hellip;]\" \/>\n<meta property=\"og:url\" content=\"https:\/\/www.agrisalus.it\/de\/vielen-dank-fuer-deine-kontaktaufnahme\/\" \/>\n<meta property=\"og:site_name\" content=\"Agrisalus - Agricampeggio Arco\" \/>\n<meta property=\"article:modified_time\" content=\"2025-04-18T09:45:11+00:00\" \/>\n<meta property=\"og:image\" content=\"https:\/\/www.agrisalus.it\/wp-content\/uploads\/2023\/07\/Logo-Agrisalus.png\" \/>\n\t<meta property=\"og:image:width\" content=\"1920\" \/>\n\t<meta property=\"og:image:height\" content=\"1920\" \/>\n\t<meta property=\"og:image:type\" content=\"image\/png\" \/>\n<meta name=\"twitter:card\" content=\"summary_large_image\" \/>\n<meta name=\"twitter:label1\" content=\"Gesch\u00e4tzte Lesezeit\" \/>\n\t<meta name=\"twitter:data1\" content=\"2\u00a0Minuten\" \/>\n<script type=\"application\/ld+json\" class=\"yoast-schema-graph\">{\"@context\":\"https:\\\/\\\/schema.org\",\"@graph\":[{\"@type\":\"WebPage\",\"@id\":\"https:\\\/\\\/www.agrisalus.it\\\/de\\\/vielen-dank-fuer-deine-kontaktaufnahme\\\/\",\"url\":\"https:\\\/\\\/www.agrisalus.it\\\/de\\\/vielen-dank-fuer-deine-kontaktaufnahme\\\/\",\"name\":\"Vielen Dank f\u00fcr deine Kontaktaufnahme. - Agrisalus - Agricampeggio Arco\",\"isPartOf\":{\"@id\":\"https:\\\/\\\/www.agrisalus.it\\\/de\\\/#website\"},\"datePublished\":\"2025-04-01T08:43:25+00:00\",\"dateModified\":\"2025-04-18T09:45:11+00:00\",\"breadcrumb\":{\"@id\":\"https:\\\/\\\/www.agrisalus.it\\\/de\\\/vielen-dank-fuer-deine-kontaktaufnahme\\\/#breadcrumb\"},\"inLanguage\":\"de\",\"potentialAction\":[{\"@type\":\"ReadAction\",\"target\":[\"https:\\\/\\\/www.agrisalus.it\\\/de\\\/vielen-dank-fuer-deine-kontaktaufnahme\\\/\"]}]},{\"@type\":\"BreadcrumbList\",\"@id\":\"https:\\\/\\\/www.agrisalus.it\\\/de\\\/vielen-dank-fuer-deine-kontaktaufnahme\\\/#breadcrumb\",\"itemListElement\":[{\"@type\":\"ListItem\",\"position\":1,\"name\":\"Home\",\"item\":\"https:\\\/\\\/www.agrisalus.it\\\/de\\\/home\\\/\"},{\"@type\":\"ListItem\",\"position\":2,\"name\":\"Vielen Dank f\u00fcr deine Kontaktaufnahme.\"}]},{\"@type\":\"WebSite\",\"@id\":\"https:\\\/\\\/www.agrisalus.it\\\/de\\\/#website\",\"url\":\"https:\\\/\\\/www.agrisalus.it\\\/de\\\/\",\"name\":\"Agrisalus - Agricampeggio Arco\",\"description\":\"Agricampeggio - Arco Trentino\",\"potentialAction\":[{\"@type\":\"SearchAction\",\"target\":{\"@type\":\"EntryPoint\",\"urlTemplate\":\"https:\\\/\\\/www.agrisalus.it\\\/de\\\/?s={search_term_string}\"},\"query-input\":{\"@type\":\"PropertyValueSpecification\",\"valueRequired\":true,\"valueName\":\"search_term_string\"}}],\"inLanguage\":\"de\"}]}<\/script>\n<!-- \/ Yoast SEO plugin. -->","yoast_head_json":{"title":"Vielen Dank f\u00fcr deine Kontaktaufnahme. - Agrisalus - Agricampeggio Arco","robots":{"index":"index","follow":"follow","max-snippet":"max-snippet:-1","max-image-preview":"max-image-preview:large","max-video-preview":"max-video-preview:-1"},"canonical":"https:\/\/www.agrisalus.it\/de\/vielen-dank-fuer-deine-kontaktaufnahme\/","og_locale":"de_DE","og_type":"article","og_title":"Vielen Dank f\u00fcr deine Kontaktaufnahme. - Agrisalus - Agricampeggio Arco","og_description":"Vielen Dank f\u00fcr deine Kontaktaufnahme. Deine Nachricht wurde erfolgreich versendet \u2013 wir melden uns so bald wie m\u00f6glich bei dir.Bitte \u00fcberpr\u00fcfe auch deinen Spam-Ordner, unsere Antwort k\u00f6nnte dort landen! Du erh\u00e4ltst in K\u00fcrze eine E-Mail mit dem Zahlungslink. Sobald die Zahlung abgeschlossen ist, schicken wir dir ein PDF mit dem personalisiertenGeschenkgutschein.Alternativ freuen wir uns, dich [&hellip;]","og_url":"https:\/\/www.agrisalus.it\/de\/vielen-dank-fuer-deine-kontaktaufnahme\/","og_site_name":"Agrisalus - Agricampeggio Arco","article_modified_time":"2025-04-18T09:45:11+00:00","og_image":[{"width":1920,"height":1920,"url":"https:\/\/www.agrisalus.it\/wp-content\/uploads\/2023\/07\/Logo-Agrisalus.png","type":"image\/png"}],"twitter_card":"summary_large_image","twitter_misc":{"Gesch\u00e4tzte Lesezeit":"2\u00a0Minuten"},"schema":{"@context":"https:\/\/schema.org","@graph":[{"@type":"WebPage","@id":"https:\/\/www.agrisalus.it\/de\/vielen-dank-fuer-deine-kontaktaufnahme\/","url":"https:\/\/www.agrisalus.it\/de\/vielen-dank-fuer-deine-kontaktaufnahme\/","name":"Vielen Dank f\u00fcr deine Kontaktaufnahme. - Agrisalus - Agricampeggio Arco","isPartOf":{"@id":"https:\/\/www.agrisalus.it\/de\/#website"},"datePublished":"2025-04-01T08:43:25+00:00","dateModified":"2025-04-18T09:45:11+00:00","breadcrumb":{"@id":"https:\/\/www.agrisalus.it\/de\/vielen-dank-fuer-deine-kontaktaufnahme\/#breadcrumb"},"inLanguage":"de","potentialAction":[{"@type":"ReadAction","target":["https:\/\/www.agrisalus.it\/de\/vielen-dank-fuer-deine-kontaktaufnahme\/"]}]},{"@type":"BreadcrumbList","@id":"https:\/\/www.agrisalus.it\/de\/vielen-dank-fuer-deine-kontaktaufnahme\/#breadcrumb","itemListElement":[{"@type":"ListItem","position":1,"name":"Home","item":"https:\/\/www.agrisalus.it\/de\/home\/"},{"@type":"ListItem","position":2,"name":"Vielen Dank f\u00fcr deine Kontaktaufnahme."}]},{"@type":"WebSite","@id":"https:\/\/www.agrisalus.it\/de\/#website","url":"https:\/\/www.agrisalus.it\/de\/","name":"Agrisalus - Agricampeggio Arco","description":"Agricampeggio - Arco Trentino","potentialAction":[{"@type":"SearchAction","target":{"@type":"EntryPoint","urlTemplate":"https:\/\/www.agrisalus.it\/de\/?s={search_term_string}"},"query-input":{"@type":"PropertyValueSpecification","valueRequired":true,"valueName":"search_term_string"}}],"inLanguage":"de"}]}},"_links":{"self":[{"href":"https:\/\/www.agrisalus.it\/de\/wp-json\/wp\/v2\/pages\/23947812","targetHints":{"allow":["GET"]}}],"collection":[{"href":"https:\/\/www.agrisalus.it\/de\/wp-json\/wp\/v2\/pages"}],"about":[{"href":"https:\/\/www.agrisalus.it\/de\/wp-json\/wp\/v2\/types\/page"}],"author":[{"embeddable":true,"href":"https:\/\/www.agrisalus.it\/de\/wp-json\/wp\/v2\/users\/6"}],"replies":[{"embeddable":true,"href":"https:\/\/www.agrisalus.it\/de\/wp-json\/wp\/v2\/comments?post=23947812"}],"version-history":[{"count":2,"href":"https:\/\/www.agrisalus.it\/de\/wp-json\/wp\/v2\/pages\/23947812\/revisions"}],"predecessor-version":[{"id":23947814,"href":"https:\/\/www.agrisalus.it\/de\/wp-json\/wp\/v2\/pages\/23947812\/revisions\/23947814"}],"wp:attachment":[{"href":"https:\/\/www.agrisalus.it\/de\/wp-json\/wp\/v2\/media?parent=23947812"}],"wp:term":[{"taxonomy":"dipi_cpt_category","embeddable":true,"href":"https:\/\/www.agrisalus.it\/de\/wp-json\/wp\/v2\/dipi_cpt_category?post=23947812"}],"curies":[{"name":"wp","href":"https:\/\/api.w.org\/{rel}","templated":true}]}}